{"id":918,"date":"2020-04-06T13:03:49","date_gmt":"2020-04-06T13:03:49","guid":{"rendered":"https:\/\/state-aid-online.eu\/?page_id=918"},"modified":"2020-04-06T13:03:49","modified_gmt":"2020-04-06T13:03:49","slug":"impressum","status":"publish","type":"page","link":"https:\/\/state-aid-online.eu\/de\/impressum\/","title":{"rendered":"Impressum"},"content":{"rendered":"\n<h3>Wichtige rechtliche Hinweise<\/h3>\n\n\n\n<h3>Die ERA als Ihr Vertragspartner<\/h3>\n\n\n\n<p>1. Die Europ\u00e4ische Rechtsakademie Trier (nachstehend &#8222;ERA&#8220; oder &#8222;Akademie&#8220;) ist eine \u00f6ffentliche Stiftung nach deutschem b\u00fcrgerlichem Recht.<\/p>\n\n\n\n<p>2. &#8222;ERA&#8220;, &#8222;Europ\u00e4ische Rechtsakademie&#8220;, die entsprechenden \u00dcbersetzungen und das ERA-Logo sind nach deutschem Recht beim Deutschen Patent- und Markenamt und nach europ\u00e4ischem Recht beim Harmonisierungsamt f\u00fcr den Binnenmarkt registrierte Handelsmarken.<\/p>\n\n\n\n<p>3. Eingetragener Sitz:<\/p>\n\n\n\n<ul><li>Metzer Allee 4<br>D-54295 Trier<br>Deutschland<br>Tel. +49 (0)651 937 37 0<br>Fax +49 (0)651 937 37 773<br>E-mail:&nbsp;<a href=\"mailto:info@era.int\">info@era.int<\/a><\/li><\/ul>\n\n\n\n<p>4. Satzungsm\u00e4\u00dfige Vertreter:&nbsp;<\/p>\n\n\n\n<ul><li>Dr. Wolfgang Heusel, Direktor<\/li><li>John Coughlan, Luc Doeve und Jean-Philippe Rageade, stellv. Direktoren<\/li><\/ul>\n\n\n\n<p>5. Um einzelnen Mitarbeitern unmittelbar eine E-mail zuzusenden, verwenden Sie bitte das jeweilige Kontaktformular.<\/p>\n\n\n\n<p>6. Alle Bilder, Texte und sonstige von der Akademie ver\u00f6ffentlichten Inhalte sind urheberrechtlich gesch\u00fctzt. Antr\u00e4ge auf auch nur teilweise Nutzungsgestattung sind schriftlich an den Leiter der \u00d6ffentlichkeitsarbeit der ERA an oben genannter Anschrift zu richten.<\/p>\n","protected":false},"excerpt":{"rendered":"<p>Wichtige rechtliche Hinweise Die ERA als Ihr Vertragspartner 1. Die Europ\u00e4ische Rechtsakademie Trier (nachstehend &#8222;ERA&#8220; oder &#8222;Akademie&#8220;) ist eine \u00f6ffentliche Stiftung nach deutschem b\u00fcrgerlichem Recht. 2. &#8222;ERA&#8220;, &#8222;Europ\u00e4ische Rechtsakademie&#8220;, die entsprechenden \u00dcbersetzungen und das ERA-Logo sind nach deutschem Recht beim<\/p>\n","protected":false},"author":1,"featured_media":0,"parent":0,"menu_order":0,"comment_status":"closed","ping_status":"closed","template":"","meta":[],"_links":{"self":[{"href":"https:\/\/state-aid-online.eu\/de\/wp-json\/wp\/v2\/pages\/918"}],"collection":[{"href":"https:\/\/state-aid-online.eu\/de\/wp-json\/wp\/v2\/pages"}],"about":[{"href":"https:\/\/state-aid-online.eu\/de\/wp-json\/wp\/v2\/types\/page"}],"author":[{"embeddable":true,"href":"https:\/\/state-aid-online.eu\/de\/wp-json\/wp\/v2\/users\/1"}],"replies":[{"embeddable":true,"href":"https:\/\/state-aid-online.eu\/de\/wp-json\/wp\/v2\/comments?post=918"}],"version-history":[{"count":1,"href":"https:\/\/state-aid-online.eu\/de\/wp-json\/wp\/v2\/pages\/918\/revisions"}],"predecessor-version":[{"id":919,"href":"https:\/\/state-aid-online.eu\/de\/wp-json\/wp\/v2\/pages\/918\/revisions\/919"}],"wp:attachment":[{"href":"https:\/\/state-aid-online.eu\/de\/wp-json\/wp\/v2\/media?parent=918"}],"curies":[{"name":"wp","href":"https:\/\/api.w.org\/{rel}","templated":true}]}}