{"id":922,"date":"2020-04-06T13:04:48","date_gmt":"2020-04-06T13:04:48","guid":{"rendered":"https:\/\/state-aid-online.eu\/?page_id=922"},"modified":"2020-04-06T13:04:48","modified_gmt":"2020-04-06T13:04:48","slug":"mentions-legales","status":"publish","type":"page","link":"https:\/\/state-aid-online.eu\/fr\/mentions-legales\/","title":{"rendered":"Mentions l\u00e9gales"},"content":{"rendered":"\n<h3>L\u2019ERA, votre partenaire contractuel<\/h3>\n\n\n\n<p>1. L&#8217;Acad\u00e9mie de droit europ\u00e9en de Tr\u00e8ves (ci-apr\u00e8s \u00ab ERA \u00bb ou \u00ab Acad\u00e9mie \u00bb) est une fondation publique de droit priv\u00e9 allemand.<\/p>\n\n\n\n<p>2. Les termes ou d\u00e9nominations \u00ab ERA \u00bb, \u00ab Acad\u00e9mie de droit europ\u00e9en \u00bb, leur traduction, ainsi que le logo de l&#8217;ERA sont des marques commerciales enregistr\u00e9es conform\u00e9ment au droit allemand aupr\u00e8s de l&#8217;Office F\u00e9d\u00e9ral des Brevets et des Marques et en tant que marque communautaire aupr\u00e8s de l&#8217;Office de l&#8217;Harmonisation dans le March\u00e9 Int\u00e9rieur.<br>3. Si\u00e8ge de la fondation :<\/p>\n\n\n\n<ul><li>Metzer Allee 4<br>D-54295 Trier<br>Allemagne<br>T\u00e9l. +49 (0)651 937 37 0<br>Fax +49 (0)651 937 37 773<br>E-mail:<a href=\"mailto:%20info@era.int\">&nbsp;info@era.int<br><\/a><a href=\"http:\/\/www.era.int\/\" target=\"_blank\" rel=\"noreferrer noopener\">www.era.int<\/a><\/li><\/ul>\n\n\n\n<p>4. Repr\u00e9sentants statutaires :&nbsp;&nbsp;&nbsp;<\/p>\n\n\n\n<ul><li>Dr. Wolfgang Heusel, directeur<\/li><li>John Couglan, Luc Doeve et Jean-Philippe Rageade, directeurs adjoints<\/li><\/ul>\n\n\n\n<p>5. Pour envoyer un e-mail aux collaborateurs de l\u2019ERA, merci de bien vouloir utiliser le formulaire de contact.<\/p>\n\n\n\n<p>6. Tous les textes, images et autres contenus publi\u00e9s par l\u2019Acad\u00e9mie sont r\u00e9serv\u00e9s au titre du droit d&#8217;auteur ainsi qu&#8217;au titre de la propri\u00e9t\u00e9 intellectuelle. Toute demande d\u2019utilisation aux fins de repr\u00e9sentation ou reproduction, m\u00eame partielle, doit \u00eatre pr\u00e9sent\u00e9e par \u00e9crit \u00e0 l\u2019adresse mentionn\u00e9e ci-dessus aupr\u00e8s du Responsable des relations publiques de l\u2019ERA.<\/p>\n","protected":false},"excerpt":{"rendered":"<p>L\u2019ERA, votre partenaire contractuel 1. L&#8217;Acad\u00e9mie de droit europ\u00e9en de Tr\u00e8ves (ci-apr\u00e8s \u00ab ERA \u00bb ou \u00ab Acad\u00e9mie \u00bb) est une fondation publique de droit priv\u00e9 allemand. 2. Les termes ou d\u00e9nominations \u00ab ERA \u00bb, \u00ab Acad\u00e9mie de droit europ\u00e9en<\/p>\n","protected":false},"author":1,"featured_media":0,"parent":0,"menu_order":0,"comment_status":"closed","ping_status":"closed","template":"","meta":[],"_links":{"self":[{"href":"https:\/\/state-aid-online.eu\/fr\/wp-json\/wp\/v2\/pages\/922"}],"collection":[{"href":"https:\/\/state-aid-online.eu\/fr\/wp-json\/wp\/v2\/pages"}],"about":[{"href":"https:\/\/state-aid-online.eu\/fr\/wp-json\/wp\/v2\/types\/page"}],"author":[{"embeddable":true,"href":"https:\/\/state-aid-online.eu\/fr\/wp-json\/wp\/v2\/users\/1"}],"replies":[{"embeddable":true,"href":"https:\/\/state-aid-online.eu\/fr\/wp-json\/wp\/v2\/comments?post=922"}],"version-history":[{"count":1,"href":"https:\/\/state-aid-online.eu\/fr\/wp-json\/wp\/v2\/pages\/922\/revisions"}],"predecessor-version":[{"id":923,"href":"https:\/\/state-aid-online.eu\/fr\/wp-json\/wp\/v2\/pages\/922\/revisions\/923"}],"wp:attachment":[{"href":"https:\/\/state-aid-online.eu\/fr\/wp-json\/wp\/v2\/media?parent=922"}],"curies":[{"name":"wp","href":"https:\/\/api.w.org\/{rel}","templated":true}]}}